{"id":164,"date":"2025-05-26T11:06:38","date_gmt":"2025-05-26T09:06:38","guid":{"rendered":"https:\/\/surthriveall.org\/imprint\/"},"modified":"2025-05-26T11:59:12","modified_gmt":"2025-05-26T09:59:12","slug":"imprint","status":"publish","type":"page","link":"https:\/\/surthriveall.org\/de\/imprint\/","title":{"rendered":"\ud83d\udcc4Impressum"},"content":{"rendered":"<h2 class=\"wp-block-heading\">Rechtlicher Hinweis<\/h2><p>Angaben gem\u00e4\u00df \u00a7 5 TMG \/ \u00a7 24 MedienG \/ \u00a7 14 UGB<\/p><p><strong>Vereinsname:<\/strong><br>SurThriveAll Institut \u2013 Verein f\u00fcr Nachhaltigkeitsforschung und soziale Innovation<\/p><p><strong>Rechtsform:<\/strong><br>Gemeinn\u00fctziger Verein gem\u00e4\u00df \u00a7\u00a7 34 ff BAO<\/p><p><strong>ZVR-Zahl:<\/strong><br>1901211117<\/p><p><strong>Sitz des Vereins:<\/strong><br>4715 Taufkirchen an der Trattnach<br>\u00d6sterreich<\/p><p><strong>Vertretungsbefugte Person:<\/strong><br>Chief Executive Officer (CEO): Dominik Pfl\u00fcgl<br>(bei Verhinderung: Chief Operating Officer (COO): David Lechner)<\/p><p><strong>Kontakt:<\/strong><br>Email: surthriveall@gmail.com<\/p><p><strong>Vereinszweck:<\/strong><br>Der Verein verfolgt ausschlie\u00dflich und unmittelbar gemeinn\u00fctzige Zwecke durch interdisziplin\u00e4re Forschung, Bildung und Umsetzung im Bereich nachhaltiger Entwicklung, sozialer Innovation und \u00f6kologischer Resilienz.<\/p><p><strong>Aufsichtsbeh\u00f6rde:<\/strong><br>Vereinsbeh\u00f6rde Bezirkshauptmannschaft Grieskirchen<\/p><hr class=\"wp-block-separator has-alpha-channel-opacity\"\/><h2 class=\"wp-block-heading\">Haftung f\u00fcr Inhalte<\/h2><p>Die Inhalte unserer Seiten wurden mit gr\u00f6\u00dfter Sorgfalt erstellt. F\u00fcr die Richtigkeit, Vollst\u00e4ndigkeit und Aktualit\u00e4t der Inhalte k\u00f6nnen wir jedoch keine Gew\u00e4hr \u00fcbernehmen.<\/p><h2 class=\"wp-block-heading\">Haftung f\u00fcr Links<\/h2><p>Unser Angebot enth\u00e4lt Links zu externen Webseiten Dritter, auf deren Inhalte wir keinen Einfluss haben. Deshalb k\u00f6nnen wir f\u00fcr diese fremden Inhalte auch keine Gew\u00e4hr \u00fcbernehmen.<\/p><h2 class=\"wp-block-heading\">Urheberrecht<\/h2><p>Die durch den Verein erstellten Inhalte und Werke auf diesen Seiten unterliegen dem \u00f6sterreichischen Urheberrecht. Beitr\u00e4ge Dritter sind als solche gekennzeichnet.<\/p><p><\/p><div class=\"woocommerce woocommerce-gzd woocommerce-gzd-complaints-shortcode\">\n\t\t\t<h3>Information gem. \u00a7 19 Abs 3 AStG<\/h3>\n\t\t<p>Alternative Streitbeilegung Gesetz - Online Gesch\u00e4fte<\/p>\n\t\n<p>The european commission provides a platform for online dispute resolution (OS) which is accessible at <a href=\"https:\/\/ec.europa.eu\/consumers\/odr\" target=\"_blank\">https:\/\/ec.europa.eu\/consumers\/odr<\/a>. We are not obliged nor willing to participate in dispute settlement proceedings before a consumer arbitration board.<\/p>\n<\/div><p><strong>SurThriveAll Institut \u2013 Verein f\u00fcr Nachhaltigkeitsforschung und soziale Innovation<\/strong><br>Non-profit association under Austrian law<br>Address: 4715 Taufkirchen an der Trattnach, Austria<br>Represented by: Chief Executive Officer (CEO): Dominik Pfl\u00fcgl<br>Email: surthriveall@gmail.com<br>Purpose: Non-profit promotion of sustainable development, ecological innovation, and social resilience.<br>Liability and copyright information in accordance with Austrian and EU law.<\/p>","protected":false},"excerpt":{"rendered":"<p>Legal Notice Information according to \u00a7 5 TMG \/ \u00a7 24 MedienG \/ \u00a7 14 UGB Organization name:SurThriveAll Institute \u2013 Association for Sustainability Research and Social Innovation Legal form:Non-profit association [&hellip;]<\/p>","protected":false},"author":1,"featured_media":0,"parent":0,"menu_order":0,"comment_status":"closed","ping_status":"closed","template":"","meta":{"_uag_custom_page_level_css":"","_price":"","_stock":"","_tribe_ticket_header":"","_tribe_default_ticket_provider":"","_tribe_ticket_capacity":"0","_ticket_start_date":"","_ticket_end_date":"","_tribe_ticket_show_description":"","_tribe_ticket_show_not_going":false,"_tribe_ticket_use_global_stock":"","_tribe_ticket_global_stock_level":"","_global_stock_mode":"","_global_stock_cap":"","_tribe_rsvp_for_event":"","_tribe_ticket_going_count":"","_tribe_ticket_not_going_count":"","_tribe_tickets_list":"[]","_tribe_ticket_has_attendee_info_fields":false,"_EventAllDay":false,"_EventTimezone":"","_EventStartDate":"","_EventEndDate":"","_EventStartDateUTC":"","_EventEndDateUTC":"","_EventShowMap":false,"_EventShowMapLink":false,"_EventURL":"","_EventCost":"","_EventCostDescription":"","_EventCurrencySymbol":"","_EventCurrencyCode":"","_EventCurrencyPosition":"","_EventDateTimeSeparator":"","_EventTimeRangeSeparator":"","_EventOrganizerID":[],"_EventVenueID":[],"_OrganizerEmail":"","_OrganizerPhone":"","_OrganizerWebsite":"","_VenueAddress":"","_VenueCity":"","_VenueCountry":"","_VenueProvince":"","_VenueState":"","_VenueZip":"","_VenuePhone":"","_VenueURL":"","_VenueStateProvince":"","_VenueLat":"","_VenueLng":"","_VenueShowMap":false,"_VenueShowMapLink":false,"footnotes":"","_tec_slr_enabled":"","_tec_slr_layout":""},"class_list":["post-164","page","type-page","status-publish","hentry"],"uagb_featured_image_src":{"full":false,"thumbnail":false,"medium":false,"medium_large":false,"large":false,"1536x1536":false,"2048x2048":false,"trp-custom-language-flag":false,"mailpoet_newsletter_max":false,"woocommerce_thumbnail":false,"woocommerce_single":false,"woocommerce_gallery_thumbnail":false},"uagb_author_info":{"display_name":"surthriveall-admin","author_link":"https:\/\/surthriveall.org\/de\/author\/surthriveall-admin\/"},"uagb_comment_info":0,"uagb_excerpt":"Legal Notice Information according to \u00a7 5 TMG \/ \u00a7 24 MedienG \/ \u00a7 14 UGB Organization name:SurThriveAll Institute \u2013 Association for Sustainability Research and Social Innovation Legal form:Non-profit association [&hellip;]","ticketed":false,"_links":{"self":[{"href":"https:\/\/surthriveall.org\/de\/wp-json\/wp\/v2\/pages\/164","targetHints":{"allow":["GET"]}}],"collection":[{"href":"https:\/\/surthriveall.org\/de\/wp-json\/wp\/v2\/pages"}],"about":[{"href":"https:\/\/surthriveall.org\/de\/wp-json\/wp\/v2\/types\/page"}],"author":[{"embeddable":true,"href":"https:\/\/surthriveall.org\/de\/wp-json\/wp\/v2\/users\/1"}],"replies":[{"embeddable":true,"href":"https:\/\/surthriveall.org\/de\/wp-json\/wp\/v2\/comments?post=164"}],"version-history":[{"count":6,"href":"https:\/\/surthriveall.org\/de\/wp-json\/wp\/v2\/pages\/164\/revisions"}],"predecessor-version":[{"id":186,"href":"https:\/\/surthriveall.org\/de\/wp-json\/wp\/v2\/pages\/164\/revisions\/186"}],"wp:attachment":[{"href":"https:\/\/surthriveall.org\/de\/wp-json\/wp\/v2\/media?parent=164"}],"curies":[{"name":"wp","href":"https:\/\/api.w.org\/{rel}","templated":true}]}}